{"id":9,"date":"2024-12-11T11:41:30","date_gmt":"2024-12-11T11:41:30","guid":{"rendered":"https:\/\/mc.cattiaux.net\/wp\/?page_id=9"},"modified":"2025-03-22T15:49:57","modified_gmt":"2025-03-22T15:49:57","slug":"acceuil","status":"publish","type":"page","link":"https:\/\/nathan.cattiaux.net\/","title":{"rendered":"Acceuil"},"content":{"rendered":"\t\t<div data-elementor-type=\"wp-page\" data-elementor-id=\"9\" class=\"elementor elementor-9\" data-elementor-post-type=\"page\">\n\t\t\t\t<div class=\"elementor-element elementor-element-de63f3c e-con-full e-flex e-con e-parent\" data-id=\"de63f3c\" data-element_type=\"container\" data-settings=\"{&quot;background_background&quot;:&quot;classic&quot;}\">\n\t\t\t\t<\/div>\n\t\t<div class=\"elementor-element elementor-element-f62c55c e-flex e-con-boxed e-con e-parent\" data-id=\"f62c55c\" data-element_type=\"container\">\n\t\t\t\t\t<div class=\"e-con-inner\">\n\t\t\t\t<div class=\"elementor-element elementor-element-a052e64 elementor-widget elementor-widget-text-editor\" data-id=\"a052e64\" data-element_type=\"widget\" data-widget_type=\"text-editor.default\">\n\t\t\t\t<div class=\"elementor-widget-container\">\n\t\t\t\t\t\t\t\t\t<p>Bienvenue,<\/p><p>je suis un cr\u00e9ateur de contenu qui joue essentiellement \u00e0:<\/p><p>&#8211;<span style=\"text-decoration: underline;\"><strong><em>Apex Legends<\/em><\/strong><\/span><\/p><p>&#8211;<span style=\"text-decoration: underline;\"><strong><em>Fortnite<\/em><\/strong><\/span><\/p><p>&#8211;<span style=\"text-decoration: underline;\"><strong><em>Minecraft<\/em><\/strong><\/span><\/p><p>&#8211;<span style=\"text-decoration: underline;\"><strong><em>Celeste<\/em><\/strong><\/span><\/p><p>vous pourrez avoir plusieurs tutos pour diverses choses sur ce site mais \u00e9galement une sorte de \u00ab\u00a0cursus scolaire\u00a0\u00bb avec notamment mon oral de stage et mon rapport de stage d&rsquo;observation de 3\u00b0. Tout ceci est libre d&rsquo;\u00eatre t\u00e9l\u00e9charger bien \u00e9videment. Vous aurez \u00e9galement le moyen de m&rsquo;ajouter sur Apex Legends, Fortnite et le moyen de vous connecter au serveur Minecraft<\/p><p>vous verrez \u00e9galement des liens vers mes diff\u00e9rants r\u00e9seaux tels que:<\/p><p>&#8211;<span style=\"text-decoration: underline;\"><em><strong>TikTok<\/strong><\/em><\/span><\/p><p>&#8211;<span style=\"text-decoration: underline;\"><em><strong>Instagram<\/strong><\/em><\/span><\/p><p>&#8211;<span style=\"text-decoration: underline;\"><em><strong>Twitch<\/strong><\/em><\/span><\/p><p>&#8211;<span style=\"text-decoration: underline;\"><em><strong>YouTube<\/strong><\/em><\/span><\/p><p>Merci d&rsquo;avoir lu et a bient\u00f4t je l&rsquo;esp\u00e8re.<\/p><p>Cordialement<\/p><p><span style=\"text-decoration: underline;\"><strong>NathanLandShadow<\/strong><\/span><\/p>\t\t\t\t\t\t\t\t<\/div>\n\t\t\t\t<\/div>\n\t\t\t\t<div class=\"elementor-element elementor-element-1777c60 elementor-widget elementor-widget-html\" data-id=\"1777c60\" data-element_type=\"widget\" data-widget_type=\"html.default\">\n\t\t\t\t<div class=\"elementor-widget-container\">\n\t\t\t\t\t<!DOCTYPE html>\r\n<html lang=\"fr\">\r\n<head>\r\n    <meta charset=\"UTF-8\">\r\n    <meta name=\"viewport\" content=\"width=device-width, initial-scale=1.0\">\r\n    <title>Suivez-moi sur Twitch<\/title>\r\n    <style>\r\n        body {\r\n            font-family: Arial, sans-serif;\r\n            background-color: #f4f4f4;\r\n            margin: 0;\r\n            padding: 0;\r\n            text-align: center;\r\n        }\r\n        header {\r\n            background-color: ; \/* Couleur principale de Twitch *\/\r\n            color: white;\r\n            padding: 10px;\r\n        }\r\n        h1 {\r\n            margin: 0;\r\n        }\r\n        .content {\r\n            padding: 20px;\r\n        }\r\n        .follow-section {\r\n            background-color: #fff;\r\n            padding: 20px;\r\n            margin: 20px 0;\r\n            box-shadow: 0 2px 10px rgba(0, 0, 0, 0.1);\r\n        }\r\n        .follow-section h2 {\r\n            margin-bottom: 20px;\r\n        }\r\n        .twitch-link {\r\n            display: inline-block;\r\n            background-color: #6441a5;\r\n            color: white;\r\n            padding: 15px 30px;\r\n            font-size: 20px;\r\n            text-decoration: none;\r\n            border-radius: 5px;\r\n            margin: 10px;\r\n            transition: background-color 0.3s;\r\n        }\r\n        .twitch-link:hover {\r\n            background-color: #7a4ec7; \/* Changement de couleur au survol *\/\r\n        }\r\n    <\/style>\r\n<\/head>\r\n<body>\r\n\r\n<header>\r\n    <h1>N'hesite pas a aller voir ma chaine Twitch: NathanLandShadow<\/h1>\r\n<\/header>\r\n\r\n<div class=\"content\">\r\n    <div class=\"follow-section\">\r\n        <h2>N'h\u00e9site pas a rejoindre le game !!<\/h2>\r\n        <p>Je stream souvent sur Minecraft apex Legends et Fortnite mais pas que pour en savoir plus suis la chaine et active la cloche de notication pour etre pr\u00e9venu des lives =)<\/p>\r\n\r\n        <!-- Lien vers votre cha\u00eene Twitch -->\r\n        <a href=\"https:\/\/www.twitch.tv\/NathanLandShadow\" class=\"twitch-link\" target=\"_blank\">Suivez-moi sur Twitch<\/a>\r\n    <\/div>\r\n<\/div>\r\n\r\n<\/body>\r\n<\/html>\r\n\t\t\t\t<\/div>\n\t\t\t\t<\/div>\n\t\t\t\t\t<\/div>\n\t\t\t\t<\/div>\n\t\t\t\t<\/div>\n\t\t","protected":false},"excerpt":{"rendered":"<p>Bienvenue, je suis un cr\u00e9ateur de contenu qui joue essentiellement \u00e0: &#8211;Apex Legends &#8211;Fortnite &#8211;Minecraft &#8211;Celeste vous pourrez avoir plusieurs tutos pour diverses choses sur ce site mais \u00e9galement une sorte de \u00ab\u00a0cursus scolaire\u00a0\u00bb avec notamment mon oral de stage et mon rapport de stage d&rsquo;observation de 3\u00b0. Tout ceci est libre d&rsquo;\u00eatre t\u00e9l\u00e9charger bien [&hellip;]<\/p>\n","protected":false},"author":1,"featured_media":0,"parent":0,"menu_order":0,"comment_status":"closed","ping_status":"closed","template":"","meta":{"ocean_post_layout":"","ocean_both_sidebars_style":"","ocean_both_sidebars_content_width":0,"ocean_both_sidebars_sidebars_width":0,"ocean_sidebar":"","ocean_second_sidebar":"","ocean_disable_margins":"enable","ocean_add_body_class":"","ocean_shortcode_before_top_bar":"","ocean_shortcode_after_top_bar":"","ocean_shortcode_before_header":"","ocean_shortcode_after_header":"","ocean_has_shortcode":"","ocean_shortcode_after_title":"","ocean_shortcode_before_footer_widgets":"","ocean_shortcode_after_footer_widgets":"","ocean_shortcode_before_footer_bottom":"","ocean_shortcode_after_footer_bottom":"","ocean_display_top_bar":"default","ocean_display_header":"default","ocean_header_style":"","ocean_center_header_left_menu":"","ocean_custom_header_template":"","ocean_custom_logo":0,"ocean_custom_retina_logo":0,"ocean_custom_logo_max_width":0,"ocean_custom_logo_tablet_max_width":0,"ocean_custom_logo_mobile_max_width":0,"ocean_custom_logo_max_height":0,"ocean_custom_logo_tablet_max_height":0,"ocean_custom_logo_mobile_max_height":0,"ocean_header_custom_menu":"","ocean_menu_typo_font_family":"","ocean_menu_typo_font_subset":"","ocean_menu_typo_font_size":0,"ocean_menu_typo_font_size_tablet":0,"ocean_menu_typo_font_size_mobile":0,"ocean_menu_typo_font_size_unit":"px","ocean_menu_typo_font_weight":"","ocean_menu_typo_font_weight_tablet":"","ocean_menu_typo_font_weight_mobile":"","ocean_menu_typo_transform":"","ocean_menu_typo_transform_tablet":"","ocean_menu_typo_transform_mobile":"","ocean_menu_typo_line_height":0,"ocean_menu_typo_line_height_tablet":0,"ocean_menu_typo_line_height_mobile":0,"ocean_menu_typo_line_height_unit":"","ocean_menu_typo_spacing":0,"ocean_menu_typo_spacing_tablet":0,"ocean_menu_typo_spacing_mobile":0,"ocean_menu_typo_spacing_unit":"","ocean_menu_link_color":"","ocean_menu_link_color_hover":"","ocean_menu_link_color_active":"","ocean_menu_link_background":"","ocean_menu_link_hover_background":"","ocean_menu_link_active_background":"","ocean_menu_social_links_bg":"","ocean_menu_social_hover_links_bg":"","ocean_menu_social_links_color":"","ocean_menu_social_hover_links_color":"","ocean_disable_title":"default","ocean_disable_heading":"default","ocean_post_title":"","ocean_post_subheading":"","ocean_post_title_style":"","ocean_post_title_background_color":"","ocean_post_title_background":0,"ocean_post_title_bg_image_position":"","ocean_post_title_bg_image_attachment":"","ocean_post_title_bg_image_repeat":"","ocean_post_title_bg_image_size":"","ocean_post_title_height":0,"ocean_post_title_bg_overlay":0.5,"ocean_post_title_bg_overlay_color":"","ocean_disable_breadcrumbs":"default","ocean_breadcrumbs_color":"","ocean_breadcrumbs_separator_color":"","ocean_breadcrumbs_links_color":"","ocean_breadcrumbs_links_hover_color":"","ocean_display_footer_widgets":"default","ocean_display_footer_bottom":"default","ocean_custom_footer_template":"","footnotes":""},"class_list":["post-9","page","type-page","status-publish","hentry","entry"],"_links":{"self":[{"href":"https:\/\/nathan.cattiaux.net\/index.php?rest_route=\/wp\/v2\/pages\/9","targetHints":{"allow":["GET"]}}],"collection":[{"href":"https:\/\/nathan.cattiaux.net\/index.php?rest_route=\/wp\/v2\/pages"}],"about":[{"href":"https:\/\/nathan.cattiaux.net\/index.php?rest_route=\/wp\/v2\/types\/page"}],"author":[{"embeddable":true,"href":"https:\/\/nathan.cattiaux.net\/index.php?rest_route=\/wp\/v2\/users\/1"}],"replies":[{"embeddable":true,"href":"https:\/\/nathan.cattiaux.net\/index.php?rest_route=%2Fwp%2Fv2%2Fcomments&post=9"}],"version-history":[{"count":130,"href":"https:\/\/nathan.cattiaux.net\/index.php?rest_route=\/wp\/v2\/pages\/9\/revisions"}],"predecessor-version":[{"id":609,"href":"https:\/\/nathan.cattiaux.net\/index.php?rest_route=\/wp\/v2\/pages\/9\/revisions\/609"}],"wp:attachment":[{"href":"https:\/\/nathan.cattiaux.net\/index.php?rest_route=%2Fwp%2Fv2%2Fmedia&parent=9"}],"curies":[{"name":"wp","href":"https:\/\/api.w.org\/{rel}","templated":true}]}}