{"id":238,"date":"2024-12-12T11:30:12","date_gmt":"2024-12-12T11:30:12","guid":{"rendered":"https:\/\/mc.cattiaux.net\/wp\/?page_id=238"},"modified":"2025-06-05T13:21:48","modified_gmt":"2025-06-05T13:21:48","slug":"srv-mc","status":"publish","type":"page","link":"https:\/\/nathan.cattiaux.net\/?page_id=238","title":{"rendered":"Serveur Minecraft"},"content":{"rendered":"\t\t<div data-elementor-type=\"wp-page\" data-elementor-id=\"238\" class=\"elementor elementor-238\" data-elementor-post-type=\"page\">\n\t\t\t\t<div class=\"elementor-element elementor-element-3530cab e-flex e-con-boxed e-con e-parent\" data-id=\"3530cab\" data-element_type=\"container\">\n\t\t\t\t\t<div class=\"e-con-inner\">\n\t\t\t\t<div class=\"elementor-element elementor-element-9730682 elementor-widget elementor-widget-heading\" data-id=\"9730682\" data-element_type=\"widget\" data-widget_type=\"heading.default\">\n\t\t\t\t<div class=\"elementor-widget-container\">\n\t\t\t\t\t<h2 class=\"elementor-heading-title elementor-size-default\">Le Serveur Minecraft<\/h2>\t\t\t\t<\/div>\n\t\t\t\t<\/div>\n\t\t\t\t\t<\/div>\n\t\t\t\t<\/div>\n\t\t<div class=\"elementor-element elementor-element-94b5755 e-flex e-con-boxed e-con e-parent\" data-id=\"94b5755\" data-element_type=\"container\">\n\t\t\t\t\t<div class=\"e-con-inner\">\n\t\t\t\t<div class=\"elementor-element elementor-element-47873fc elementor-widget elementor-widget-text-editor\" data-id=\"47873fc\" data-element_type=\"widget\" data-widget_type=\"text-editor.default\">\n\t\t\t\t<div class=\"elementor-widget-container\">\n\t\t\t\t\t\t\t\t\t<h3><strong>R\u00e8gles du Serveur Gaming<\/strong><\/h3><ol><li><p><strong>Pas de triche (Sinon, Ban !)<\/strong><\/p><ul><li>Le <strong>cheat<\/strong> n&rsquo;a pas sa place ici. Toute utilisation de <strong>hacks<\/strong>, <strong>mods<\/strong> non autoris\u00e9s ou <strong>bots<\/strong> sera imm\u00e9diatement sanctionn\u00e9e par un <strong>ban<\/strong>. Le serveur n&rsquo;est pas un terrain de <strong>Battlefield<\/strong> o\u00f9 l&rsquo;on joue sale !<br \/><em>Tu veux tricher comme un <strong>Warlock<\/strong> dans <strong>Diablo 3<\/strong> ? D\u00e9sol\u00e9, on pr\u00e9f\u00e8re un <strong>Assassin&rsquo;s Creed<\/strong> qui travaille dur pour ses victoires !<\/em> \ud83c\udff9<\/li><\/ul><\/li><li><p><strong>Pas d&rsquo;insultes (Sinon, Ban !)<\/strong><\/p><ul><li>Le respect est essentiel ! Les insultes, les propos haineux, et le <strong>flaming<\/strong> ne sont pas tol\u00e9r\u00e9s. Ce n&rsquo;est pas <strong>League of Legends<\/strong>, on n&rsquo;est pas l\u00e0 pour s&rsquo;insulter comme des <strong>Teemo<\/strong> empoisonn\u00e9s.<br \/><em>Sois cool, comme un <strong>H\u00e9ro\u00efne de Skyrim<\/strong> qui a trouv\u00e9 le bon chemin sans tomber dans une <strong>fissure<\/strong> d&rsquo;argile !<\/em> \ud83d\udee1\ufe0f<\/li><\/ul><\/li><li><p><strong>Prendre du plaisir (Sinon, Ban !)<\/strong><\/p><ul><li>Ce serveur est un endroit pour s&rsquo;amuser, pas pour g\u00e2cher l\u2019exp\u00e9rience des autres. Si tu viens juste pour casser l\u2019ambiance, tu risques d\u2019\u00eatre banni. Sois plus un <strong>Mario<\/strong> qui saute sur des <strong>Goombas<\/strong> pour s\u2019amuser qu&rsquo;un <strong>Rage Quitter<\/strong> dans <strong>Overwatch<\/strong>.<br \/><em>Ne sois pas comme un <strong>Creeper<\/strong> pr\u00eat \u00e0 exploser de frustration. Viens miner, construire et conqu\u00e9rir avec le sourire !<\/em> \ud83d\ude01<\/li><\/ul><\/li><li><p><strong>Pas de griefing (Sinon, Ban !)<\/strong><\/p><ul><li>La destruction des constructions des autres est formellement interdite. On n\u2019est pas dans <strong>GTA<\/strong> o\u00f9 tout est permis. Respecte le travail des autres joueurs !<br \/><em>Si tu veux d\u00e9truire, sois comme un <strong>Fury<\/strong> dans <strong>Borderlands<\/strong> : \u00e7a doit \u00eatre \u00e9pique et justifi\u00e9, pas une simple <strong>attaque surprise<\/strong> \u00e0 la <strong>Fortnite<\/strong> !<\/em> \ud83d\udca3<\/li><\/ul><\/li><li><p><strong>Respect des ressources communes<\/strong><\/p><ul><li>Si tu utilises des ressources communes, sois respectueux et laisse un peu pour les autres. Ne sois pas un <strong>Looter<\/strong> \u00e9go\u00efste comme dans <strong>The Division<\/strong>, o\u00f9 tu penses d&rsquo;abord \u00e0 ton loot.<br \/><em><strong>Zelda<\/strong> partage les <strong>coeurs<\/strong> avec ses alli\u00e9s, alors sois comme lui : prends juste ce dont tu as besoin, et laisse la place \u00e0 d\u2019autres pour que tout le monde puisse prosp\u00e9rer !<\/em> \u2764\ufe0f<\/li><\/ul><\/li><li><p><strong>Utilisation des commandes avec respect<\/strong><\/p><ul><li>Les commandes comme <code>\/tp<\/code>, <code>\/home<\/code>, et <code>\/warp<\/code> sont l\u00e0 pour simplifier le jeu, mais attention \u00e0 ne pas en abuser. Pas de <strong>TP abusifs<\/strong> comme dans <strong>Minecraft Hardcore<\/strong> o\u00f9 tu te t\u00e9l\u00e9portes partout pour \u00e9viter de mourir !<br \/><em>L\u00e0 o\u00f9 il y a des <strong>portails du Nether<\/strong>, il y a des risques ! Utilise ces commandes avec strat\u00e9gie comme un vrai <strong>Commander Shepard<\/strong> dans <strong>Mass Effect<\/strong> !<\/em> \ud83d\ude80<\/li><\/ul><\/li><li><p><strong>Pas de publicit\u00e9s non sollicit\u00e9es<\/strong><\/p><ul><li>La publicit\u00e9 pour d&rsquo;autres serveurs ou jeux est interdite sans l\u2019accord des administrateurs. Ce n\u2019est pas un <strong>Brawl Stars<\/strong>, tu ne spammes pas les autres joueurs avec tes <strong>publicit\u00e9s<\/strong>.<br \/><em>C\u2019est comme dans <strong>Hearthstone<\/strong> : quand tu pioches, c\u2019est pour toi, pas pour faire la pub de ton deck !<\/em> \ud83c\udfb4<\/li><\/ul><\/li><\/ol>\t\t\t\t\t\t\t\t<\/div>\n\t\t\t\t<\/div>\n\t\t\t\t\t<\/div>\n\t\t\t\t<\/div>\n\t\t<div class=\"elementor-element elementor-element-2719e06 e-flex e-con-boxed e-con e-parent\" data-id=\"2719e06\" data-element_type=\"container\">\n\t\t\t\t\t<div class=\"e-con-inner\">\n\t\t\t\t<div class=\"elementor-element elementor-element-9417396 elementor-widget elementor-widget-text-editor\" data-id=\"9417396\" data-element_type=\"widget\" data-widget_type=\"text-editor.default\">\n\t\t\t\t<div class=\"elementor-widget-container\">\n\t\t\t\t\t\t\t\t\t<p><strong>L&rsquo;ip est la suivante:<\/strong><\/p><p><strong>mc.cattiaux.net:16303<\/strong><\/p><p>En version 1.20.1<\/p><p>Un pack de texture sera n\u00e9anmoins requis pour jouer sur le serveur.<br \/>Pas d&rsquo;inqui\u00e9tude je vous le mettrai a disposition lors de votre connexion \ud83d\ude09<\/p>\t\t\t\t\t\t\t\t<\/div>\n\t\t\t\t<\/div>\n\t\t\t\t\t<\/div>\n\t\t\t\t<\/div>\n\t\t<div class=\"elementor-element elementor-element-01a18bc e-flex e-con-boxed e-con e-parent\" data-id=\"01a18bc\" data-element_type=\"container\">\n\t\t\t\t\t<div class=\"e-con-inner\">\n\t\t\t\t<div class=\"elementor-element elementor-element-ceb487e elementor-widget elementor-widget-shortcode\" data-id=\"ceb487e\" data-element_type=\"widget\" data-widget_type=\"shortcode.default\">\n\t\t\t\t<div class=\"elementor-widget-container\">\n\t\t\t\t\t\t\t<div class=\"elementor-shortcode\">[statut_minecraft]<\/div>\n\t\t\t\t\t\t<\/div>\n\t\t\t\t<\/div>\n\t\t\t\t\t<\/div>\n\t\t\t\t<\/div>\n\t\t\t\t<\/div>\n\t\t","protected":false},"excerpt":{"rendered":"<p>Le Serveur Minecraft R\u00e8gles du Serveur Gaming Pas de triche (Sinon, Ban !) Le cheat n&rsquo;a pas sa place ici. Toute utilisation de hacks, mods non autoris\u00e9s ou bots sera imm\u00e9diatement sanctionn\u00e9e par un ban. Le serveur n&rsquo;est pas un terrain de Battlefield o\u00f9 l&rsquo;on joue sale !Tu veux tricher comme un Warlock dans Diablo [&hellip;]<\/p>\n","protected":false},"author":1,"featured_media":0,"parent":0,"menu_order":0,"comment_status":"closed","ping_status":"closed","template":"","meta":{"ocean_post_layout":"","ocean_both_sidebars_style":"","ocean_both_sidebars_content_width":0,"ocean_both_sidebars_sidebars_width":0,"ocean_sidebar":"","ocean_second_sidebar":"","ocean_disable_margins":"enable","ocean_add_body_class":"","ocean_shortcode_before_top_bar":"","ocean_shortcode_after_top_bar":"","ocean_shortcode_before_header":"","ocean_shortcode_after_header":"","ocean_has_shortcode":"","ocean_shortcode_after_title":"","ocean_shortcode_before_footer_widgets":"","ocean_shortcode_after_footer_widgets":"","ocean_shortcode_before_footer_bottom":"","ocean_shortcode_after_footer_bottom":"","ocean_display_top_bar":"default","ocean_display_header":"default","ocean_header_style":"","ocean_center_header_left_menu":"","ocean_custom_header_template":"","ocean_custom_logo":0,"ocean_custom_retina_logo":0,"ocean_custom_logo_max_width":0,"ocean_custom_logo_tablet_max_width":0,"ocean_custom_logo_mobile_max_width":0,"ocean_custom_logo_max_height":0,"ocean_custom_logo_tablet_max_height":0,"ocean_custom_logo_mobile_max_height":0,"ocean_header_custom_menu":"","ocean_menu_typo_font_family":"","ocean_menu_typo_font_subset":"","ocean_menu_typo_font_size":0,"ocean_menu_typo_font_size_tablet":0,"ocean_menu_typo_font_size_mobile":0,"ocean_menu_typo_font_size_unit":"px","ocean_menu_typo_font_weight":"","ocean_menu_typo_font_weight_tablet":"","ocean_menu_typo_font_weight_mobile":"","ocean_menu_typo_transform":"","ocean_menu_typo_transform_tablet":"","ocean_menu_typo_transform_mobile":"","ocean_menu_typo_line_height":0,"ocean_menu_typo_line_height_tablet":0,"ocean_menu_typo_line_height_mobile":0,"ocean_menu_typo_line_height_unit":"","ocean_menu_typo_spacing":0,"ocean_menu_typo_spacing_tablet":0,"ocean_menu_typo_spacing_mobile":0,"ocean_menu_typo_spacing_unit":"","ocean_menu_link_color":"","ocean_menu_link_color_hover":"","ocean_menu_link_color_active":"","ocean_menu_link_background":"","ocean_menu_link_hover_background":"","ocean_menu_link_active_background":"","ocean_menu_social_links_bg":"","ocean_menu_social_hover_links_bg":"","ocean_menu_social_links_color":"","ocean_menu_social_hover_links_color":"","ocean_disable_title":"default","ocean_disable_heading":"default","ocean_post_title":"","ocean_post_subheading":"","ocean_post_title_style":"","ocean_post_title_background_color":"","ocean_post_title_background":0,"ocean_post_title_bg_image_position":"","ocean_post_title_bg_image_attachment":"","ocean_post_title_bg_image_repeat":"","ocean_post_title_bg_image_size":"","ocean_post_title_height":0,"ocean_post_title_bg_overlay":0.5,"ocean_post_title_bg_overlay_color":"","ocean_disable_breadcrumbs":"default","ocean_breadcrumbs_color":"","ocean_breadcrumbs_separator_color":"","ocean_breadcrumbs_links_color":"","ocean_breadcrumbs_links_hover_color":"","ocean_display_footer_widgets":"default","ocean_display_footer_bottom":"default","ocean_custom_footer_template":"","footnotes":""},"class_list":["post-238","page","type-page","status-publish","hentry","entry"],"_links":{"self":[{"href":"https:\/\/nathan.cattiaux.net\/index.php?rest_route=\/wp\/v2\/pages\/238","targetHints":{"allow":["GET"]}}],"collection":[{"href":"https:\/\/nathan.cattiaux.net\/index.php?rest_route=\/wp\/v2\/pages"}],"about":[{"href":"https:\/\/nathan.cattiaux.net\/index.php?rest_route=\/wp\/v2\/types\/page"}],"author":[{"embeddable":true,"href":"https:\/\/nathan.cattiaux.net\/index.php?rest_route=\/wp\/v2\/users\/1"}],"replies":[{"embeddable":true,"href":"https:\/\/nathan.cattiaux.net\/index.php?rest_route=%2Fwp%2Fv2%2Fcomments&post=238"}],"version-history":[{"count":256,"href":"https:\/\/nathan.cattiaux.net\/index.php?rest_route=\/wp\/v2\/pages\/238\/revisions"}],"predecessor-version":[{"id":791,"href":"https:\/\/nathan.cattiaux.net\/index.php?rest_route=\/wp\/v2\/pages\/238\/revisions\/791"}],"wp:attachment":[{"href":"https:\/\/nathan.cattiaux.net\/index.php?rest_route=%2Fwp%2Fv2%2Fmedia&parent=238"}],"curies":[{"name":"wp","href":"https:\/\/api.w.org\/{rel}","templated":true}]}}